{"id":284,"date":"2026-01-28T08:08:59","date_gmt":"2026-01-28T08:08:59","guid":{"rendered":"https:\/\/dysceramic.com\/?page_id=284"},"modified":"2026-03-31T08:32:08","modified_gmt":"2026-03-31T08:32:08","slug":"animation","status":"publish","type":"page","link":"https:\/\/dysceramic.com\/index.php\/animation\/","title":{"rendered":"Artiste C\u00e9ramiste en EHPAD"},"content":{"rendered":"\t\t<div data-elementor-type=\"wp-page\" data-elementor-id=\"284\" class=\"elementor elementor-284\">\n\t\t\t\t<div class=\"elementor-element elementor-element-f31a8e5 e-flex e-con-boxed e-con e-parent\" data-id=\"f31a8e5\" data-element_type=\"container\">\n\t\t\t\t\t<div class=\"e-con-inner\">\n\t\t\t\t\t<\/div>\n\t\t\t\t<\/div>\n\t\t<div class=\"elementor-element elementor-element-19726a1 e-flex e-con-boxed e-con e-parent\" data-id=\"19726a1\" data-element_type=\"container\">\n\t\t\t\t\t<div class=\"e-con-inner\">\n\t\t\t\t\t<\/div>\n\t\t\t\t<\/div>\n\t\t<div class=\"elementor-element elementor-element-802ac08 e-con-full e-flex e-con e-parent\" data-id=\"802ac08\" data-element_type=\"container\">\n\t\t\t\t<div class=\"elementor-element elementor-element-0ea2185 elementor-widget elementor-widget-image\" data-id=\"0ea2185\" data-element_type=\"widget\" data-widget_type=\"image.default\">\n\t\t\t\t\t\t\t\t\t\t\t\t\t\t\t<img fetchpriority=\"high\" decoding=\"async\" width=\"904\" height=\"1274\" src=\"https:\/\/dysceramic.com\/wp-content\/uploads\/2026\/03\/Capture-decran-2026-03-31-a-08.50.07.png\" class=\"attachment-1536x1536 size-1536x1536 wp-image-593\" alt=\"\" srcset=\"https:\/\/dysceramic.com\/wp-content\/uploads\/2026\/03\/Capture-decran-2026-03-31-a-08.50.07.png 904w, https:\/\/dysceramic.com\/wp-content\/uploads\/2026\/03\/Capture-decran-2026-03-31-a-08.50.07-213x300.png 213w, https:\/\/dysceramic.com\/wp-content\/uploads\/2026\/03\/Capture-decran-2026-03-31-a-08.50.07-727x1024.png 727w, https:\/\/dysceramic.com\/wp-content\/uploads\/2026\/03\/Capture-decran-2026-03-31-a-08.50.07-768x1082.png 768w\" sizes=\"(max-width: 904px) 100vw, 904px\" \/>\t\t\t\t\t\t\t\t\t\t\t\t\t\t\t<\/div>\n\t\t\t\t<\/div>\n\t\t<div class=\"elementor-element elementor-element-5b37aed e-con-full e-flex e-con e-parent\" data-id=\"5b37aed\" data-element_type=\"container\">\n\t\t\t\t<div class=\"elementor-element elementor-element-b48f4cc elementor-widget elementor-widget-text-editor\" data-id=\"b48f4cc\" data-element_type=\"widget\" data-widget_type=\"text-editor.default\">\n\t\t\t\t\t\t\t\t\t<p><strong>C\u00e9ramiste d&rsquo;art et artiste intervenant en institution<\/strong> depuis 10 ans, mon travail est d&rsquo;amener un souffle d&rsquo;Art en EHPAD.<\/p><p>\u00c0 travers le geste et la mati\u00e8re, accompagn\u00e9 de savoirs faire ancestraux, l&rsquo;Art et l&rsquo;Artisanat favorisent <strong>le bien-\u00eatre et nourrissent l&rsquo;esprit.<\/strong><\/p><p>Intervenant ext\u00e9rieur, j&rsquo;offre <strong>un espace d\u2019expression compl\u00e9mentaire<\/strong> au travail des \u00e9quipes et anime l&rsquo;\u00e9tablissement autour d&rsquo;un projet original et concret.<\/p><p>Ce projet s\u2019adresse \u00e0 des <strong>r\u00e9sidents aux niveaux d\u2019autonomie vari\u00e9s (GIR 1 \u00e0 4)<\/strong> Il necessite des connaissances du public concern\u00e9 afin d&rsquo;adapter les ateliers en termes de rythme, de gestes et d&rsquo;accompagnement.<\/p><p><strong>Dipl\u00f4mee des m\u00e9tiers d&rsquo;art, d&rsquo;une licence en psychologie et passionn\u00e9e par l&rsquo;accompagnement des personnes atteintes de maladies neurod\u00e9g\u00e9n\u00e9ratives par la m\u00e9diation artistique<\/strong>, j&rsquo;ai travaill\u00e9 en accueil de jour, en Ehpad puis en unit\u00e9 prot\u00e9g\u00e9e. Ces exp\u00e9riences me permettent de comprendre les contraintes institutionnelles et de travailler en lien avec les \u00e9quipes.<\/p><p>Isabelle Thomas<\/p>\t\t\t\t\t\t\t\t<\/div>\n\t\t\t\t<\/div>\n\t\t<div class=\"elementor-element elementor-element-4b9d901 e-con-full e-flex e-con e-parent\" data-id=\"4b9d901\" data-element_type=\"container\">\n\t\t\t\t<div class=\"elementor-element elementor-element-64059c1 elementor-widget elementor-widget-image\" data-id=\"64059c1\" data-element_type=\"widget\" data-widget_type=\"image.default\">\n\t\t\t\t\t\t\t\t\t\t\t\t\t\t\t<img decoding=\"async\" width=\"903\" height=\"700\" src=\"https:\/\/dysceramic.com\/wp-content\/uploads\/2026\/03\/Capture-decran-2026-03-31-a-10.14.19.png\" class=\"attachment-large size-large wp-image-597\" alt=\"\" srcset=\"https:\/\/dysceramic.com\/wp-content\/uploads\/2026\/03\/Capture-decran-2026-03-31-a-10.14.19.png 903w, https:\/\/dysceramic.com\/wp-content\/uploads\/2026\/03\/Capture-decran-2026-03-31-a-10.14.19-300x233.png 300w, https:\/\/dysceramic.com\/wp-content\/uploads\/2026\/03\/Capture-decran-2026-03-31-a-10.14.19-768x595.png 768w\" sizes=\"(max-width: 903px) 100vw, 903px\" \/>\t\t\t\t\t\t\t\t\t\t\t\t\t\t\t<\/div>\n\t\t\t\t<\/div>\n\t\t<div class=\"elementor-element elementor-element-86b89f2 e-con-full e-flex e-con e-parent\" data-id=\"86b89f2\" data-element_type=\"container\">\n\t\t\t\t<div class=\"elementor-element elementor-element-8e1779f elementor-widget elementor-widget-text-editor\" data-id=\"8e1779f\" data-element_type=\"widget\" data-widget_type=\"text-editor.default\">\n\t\t\t\t\t\t\t\t\t<p>Le projet propose des <strong>ateliers hebdomadaires<\/strong> <strong>d&rsquo;arts plastique et de c\u00e9ramique sur 4 \u00e0 6 mois.<\/strong><\/p><p>il aboutit \u00e0 la r\u00e9alisation d\u2019une <strong>fresque collective p\u00e9renne<\/strong> au sein de l\u2019\u00e9tablissement. Cette fresque compos\u00e9e de carreaux permet \u00e0 chacun de <strong>laisser une trace personnelle sur un ensemble coh\u00e9rent et esth\u00e9tique.<\/strong><\/p><p>De sa conception \u00e0 sa r\u00e9alisation, les r\u00e9sidents, les familles, les agents de l&rsquo;\u00e9tablissement qui le souhaitent font la <strong>d\u00e9couverte du processus cr\u00e9atif, de la mati\u00e8re, d&rsquo;un savoir-faire.<\/strong><\/p><p><strong>Ce projet permet une exp\u00e9rience sensorielle et collective forte adapt\u00e9e \u00e0 tous.<\/strong><\/p>\t\t\t\t\t\t\t\t<\/div>\n\t\t\t\t<\/div>\n\t\t<div class=\"elementor-element elementor-element-a290797 e-con-full e-flex e-con e-parent\" data-id=\"a290797\" data-element_type=\"container\">\n\t\t\t\t<div class=\"elementor-element elementor-element-e0b0485 elementor-widget elementor-widget-image\" data-id=\"e0b0485\" data-element_type=\"widget\" data-widget_type=\"image.default\">\n\t\t\t\t\t\t\t\t\t\t\t\t\t\t\t<img decoding=\"async\" width=\"895\" height=\"555\" src=\"https:\/\/dysceramic.com\/wp-content\/uploads\/2026\/03\/Capture-decran-2026-03-31-a-10.14.43.png\" class=\"attachment-large size-large wp-image-598\" alt=\"\" srcset=\"https:\/\/dysceramic.com\/wp-content\/uploads\/2026\/03\/Capture-decran-2026-03-31-a-10.14.43.png 895w, https:\/\/dysceramic.com\/wp-content\/uploads\/2026\/03\/Capture-decran-2026-03-31-a-10.14.43-300x186.png 300w, https:\/\/dysceramic.com\/wp-content\/uploads\/2026\/03\/Capture-decran-2026-03-31-a-10.14.43-768x476.png 768w\" sizes=\"(max-width: 895px) 100vw, 895px\" \/>\t\t\t\t\t\t\t\t\t\t\t\t\t\t\t<\/div>\n\t\t\t\t<\/div>\n\t\t<div class=\"elementor-element elementor-element-23431ef e-flex e-con-boxed e-con e-parent\" data-id=\"23431ef\" data-element_type=\"container\">\n\t\t\t\t\t<div class=\"e-con-inner\">\n\t\t\t\t<div class=\"elementor-element elementor-element-4d5ee6a elementor-widget elementor-widget-text-editor\" data-id=\"4d5ee6a\" data-element_type=\"widget\" data-widget_type=\"text-editor.default\">\n\t\t\t\t\t\t\t\t\t<p><strong>Objectifs artistiques<\/strong><\/p><p>&#8211; Initier les r\u00e9sidents \u00e0 une pratique artistique accessible et valorisante<br \/>&#8211; Favoriser l\u2019expression individuelle \u00e0 travers la mati\u00e8re et le geste<br \/>&#8211; Construire une \u0153uvre collective porteuse de sens sous ma direction artistique<\/p><p><strong>Objectifs de sant\u00e9 et bien-\u00eatre<\/strong><\/p><p>&#8211; Stimuler la motricit\u00e9 fine et la coordination<br \/>&#8211; Encourager les capacit\u00e9s cognitives (m\u00e9moire, attention, cr\u00e9ativit\u00e9)<br \/>&#8211; Favoriser l\u2019estime de soi par la valorisation des productions<br \/>&#8211; Lutter contre l\u2019isolement en cr\u00e9ant des temps de partage<\/p><p><strong>Objectifs sociaux et institutionnels<\/strong><\/p><p>&#8211; Renforcer les liens entre r\u00e9sidents, familles et professionnels<br \/>&#8211; Inscrire l\u2019EHPAD dans une dynamique culturelle<br \/>&#8211; Valoriser l\u2019image de l\u2019\u00e9tablissement \u00e0 travers un projet artistique visible<\/p>\t\t\t\t\t\t\t\t<\/div>\n\t\t\t\t\t<\/div>\n\t\t\t\t<\/div>\n\t\t<div class=\"elementor-element elementor-element-5020563 e-con-full e-flex e-con e-parent\" data-id=\"5020563\" data-element_type=\"container\">\n\t\t\t\t<div class=\"elementor-element elementor-element-456a3d2 elementor-widget elementor-widget-image\" data-id=\"456a3d2\" data-element_type=\"widget\" data-widget_type=\"image.default\">\n\t\t\t\t\t\t\t\t\t\t\t\t\t\t\t<img loading=\"lazy\" decoding=\"async\" width=\"895\" height=\"584\" src=\"https:\/\/dysceramic.com\/wp-content\/uploads\/2026\/03\/Capture-decran-2026-03-31-a-10.15.16.png\" class=\"attachment-large size-large wp-image-600\" alt=\"\" srcset=\"https:\/\/dysceramic.com\/wp-content\/uploads\/2026\/03\/Capture-decran-2026-03-31-a-10.15.16.png 895w, https:\/\/dysceramic.com\/wp-content\/uploads\/2026\/03\/Capture-decran-2026-03-31-a-10.15.16-300x196.png 300w, https:\/\/dysceramic.com\/wp-content\/uploads\/2026\/03\/Capture-decran-2026-03-31-a-10.15.16-768x501.png 768w\" sizes=\"(max-width: 895px) 100vw, 895px\" \/>\t\t\t\t\t\t\t\t\t\t\t\t\t\t\t<\/div>\n\t\t\t\t<\/div>\n\t\t<div class=\"elementor-element elementor-element-a6efc30 e-con-full e-flex e-con e-parent\" data-id=\"a6efc30\" data-element_type=\"container\">\n\t\t\t\t<div class=\"elementor-element elementor-element-1112aa2 elementor-widget elementor-widget-text-editor\" data-id=\"1112aa2\" data-element_type=\"widget\" data-widget_type=\"text-editor.default\">\n\t\t\t\t\t\t\t\t\t<p>Ce projet se d\u00e9roule sur<strong> 4 \u00e0 6 mois<\/strong> <br \/>Il est compos\u00e9 de <strong>4 p\u00e9riodes<\/strong><br \/>8 et 10 r\u00e9sidents par atelier en secteur ouvert et l&rsquo;ensemble des r\u00e9sidents de l&rsquo;unit\u00e9 prot\u00e9g\u00e9 dans leur espace de vie.<\/p><p><strong>P\u00e9riode 1 : \u00ab\u00a0D\u00e9couverte et initiation\u00a0\u00bb<\/strong> <br \/>Atelier sensoriel, R\u00e9alisation d&rsquo;objets personnels et tournage <br \/>Cette p\u00e9riode est adapt\u00e9e \u00e0 tous les degr\u00e9s de d\u00e9pendance.<\/p><p><strong>P\u00e9riode 2 : \u00ab\u00a0Art plastiques et cr\u00e9ations\u00a0\u00bb<\/strong> <br \/>Processus cr\u00e9atif, Peinture, dessin, cr\u00e9ation de l&rsquo;oeuvre collective..<\/p><p><strong>P\u00e9riode 3 \u00ab\u00a0R\u00e9alisation de l&rsquo;\u0153uvre\u00a0\u00bb<\/strong><br \/>R\u00e9alisations des fragments de l&rsquo;oeuvre&#8230;<\/p><p><strong>P\u00e9riode 4 \u00ab\u00a0Finitions et Inauguration\u00a0\u00bb<\/strong><br \/>Installation du tableau, partage et retour d&rsquo;exp\u00e9rience&#8230;<\/p>\t\t\t\t\t\t\t\t<\/div>\n\t\t\t\t<\/div>\n\t\t<div class=\"elementor-element elementor-element-4927d22 e-con-full e-flex e-con e-parent\" data-id=\"4927d22\" data-element_type=\"container\">\n\t\t\t\t<div class=\"elementor-element elementor-element-f3e8c32 elementor-widget elementor-widget-image\" data-id=\"f3e8c32\" data-element_type=\"widget\" data-widget_type=\"image.default\">\n\t\t\t\t\t\t\t\t\t\t\t\t\t\t\t<img loading=\"lazy\" decoding=\"async\" width=\"905\" height=\"592\" src=\"https:\/\/dysceramic.com\/wp-content\/uploads\/2026\/03\/Capture-decran-2026-03-31-a-10.15.00.png\" class=\"attachment-large size-large wp-image-599\" alt=\"\" srcset=\"https:\/\/dysceramic.com\/wp-content\/uploads\/2026\/03\/Capture-decran-2026-03-31-a-10.15.00.png 905w, https:\/\/dysceramic.com\/wp-content\/uploads\/2026\/03\/Capture-decran-2026-03-31-a-10.15.00-300x196.png 300w, https:\/\/dysceramic.com\/wp-content\/uploads\/2026\/03\/Capture-decran-2026-03-31-a-10.15.00-768x502.png 768w\" sizes=\"(max-width: 905px) 100vw, 905px\" \/>\t\t\t\t\t\t\t\t\t\t\t\t\t\t\t<\/div>\n\t\t\t\t<\/div>\n\t\t<div class=\"elementor-element elementor-element-3474c98 e-con-full e-flex e-con e-parent\" data-id=\"3474c98\" data-element_type=\"container\">\n\t\t\t\t<div class=\"elementor-element elementor-element-039619f elementor-widget elementor-widget-text-editor\" data-id=\"039619f\" data-element_type=\"widget\" data-widget_type=\"text-editor.default\">\n\t\t\t\t\t\t\t\t\t<p><strong>Sur un th\u00e8me travaill\u00e9 avec les participants, chaque fragment de l&rsquo;\u0153uvre (ou des \u0153uvres) est une r\u00e9alisation individuelle formant un ensemble coh\u00e9rent et esth\u00e9tique sous ma dirrection artistique.<\/strong><\/p><p>Les carreaux de c\u00e9ramiques sont Coll\u00e9s sur un support tableau, accroch\u00e9 \u00e0 l&rsquo;interieur de l&rsquo;\u00e9tablissement (le projet peut \u00e9galement \u00eatre ext\u00e9rieur).<\/p><p>les dimensions de l&rsquo;\u0153uvre ou des \u0153uvres sont d\u00e9finies en fonction de l&#8217;emplacement possible.<\/p><p><strong>L&rsquo;oeuvre est l&rsquo;aboutissement d&rsquo;un chemin, elle est m\u00e9moire.<\/strong><\/p>\t\t\t\t\t\t\t\t<\/div>\n\t\t\t\t<\/div>\n\t\t<div class=\"elementor-element elementor-element-8ccad5b e-con-full e-flex e-con e-parent\" data-id=\"8ccad5b\" data-element_type=\"container\">\n\t\t\t\t<div class=\"elementor-element elementor-element-65678ce elementor-widget elementor-widget-image\" data-id=\"65678ce\" data-element_type=\"widget\" data-widget_type=\"image.default\">\n\t\t\t\t\t\t\t\t\t\t\t\t\t\t\t<img loading=\"lazy\" decoding=\"async\" width=\"1024\" height=\"725\" src=\"https:\/\/dysceramic.com\/wp-content\/uploads\/2026\/03\/press2-1024x725.jpg\" class=\"attachment-large size-large wp-image-530\" alt=\"\" srcset=\"https:\/\/dysceramic.com\/wp-content\/uploads\/2026\/03\/press2-1024x725.jpg 1024w, https:\/\/dysceramic.com\/wp-content\/uploads\/2026\/03\/press2-300x212.jpg 300w, https:\/\/dysceramic.com\/wp-content\/uploads\/2026\/03\/press2-768x544.jpg 768w, https:\/\/dysceramic.com\/wp-content\/uploads\/2026\/03\/press2-1536x1088.jpg 1536w, https:\/\/dysceramic.com\/wp-content\/uploads\/2026\/03\/press2-2048x1450.jpg 2048w\" sizes=\"(max-width: 1024px) 100vw, 1024px\" \/>\t\t\t\t\t\t\t\t\t\t\t\t\t\t\t<\/div>\n\t\t\t\t<\/div>\n\t\t<div class=\"elementor-element elementor-element-0d3bc97 e-con-full e-flex e-con e-parent\" data-id=\"0d3bc97\" data-element_type=\"container\">\n\t\t\t\t<div class=\"elementor-element elementor-element-bb0c382 elementor-widget elementor-widget-image\" data-id=\"bb0c382\" data-element_type=\"widget\" data-widget_type=\"image.default\">\n\t\t\t\t\t\t\t\t\t\t\t\t\t\t\t<img loading=\"lazy\" decoding=\"async\" width=\"1024\" height=\"899\" src=\"https:\/\/dysceramic.com\/wp-content\/uploads\/2026\/03\/press1-1024x899.jpg\" class=\"attachment-large size-large wp-image-529\" alt=\"\" srcset=\"https:\/\/dysceramic.com\/wp-content\/uploads\/2026\/03\/press1-1024x899.jpg 1024w, https:\/\/dysceramic.com\/wp-content\/uploads\/2026\/03\/press1-300x263.jpg 300w, https:\/\/dysceramic.com\/wp-content\/uploads\/2026\/03\/press1-768x674.jpg 768w, https:\/\/dysceramic.com\/wp-content\/uploads\/2026\/03\/press1.jpg 1310w\" sizes=\"(max-width: 1024px) 100vw, 1024px\" \/>\t\t\t\t\t\t\t\t\t\t\t\t\t\t\t<\/div>\n\t\t\t\t<div class=\"elementor-element elementor-element-b320afa elementor-widget elementor-widget-image\" data-id=\"b320afa\" data-element_type=\"widget\" data-widget_type=\"image.default\">\n\t\t\t\t\t\t\t\t\t\t\t\t\t\t\t<img loading=\"lazy\" decoding=\"async\" width=\"629\" height=\"1024\" src=\"https:\/\/dysceramic.com\/wp-content\/uploads\/2026\/03\/press-3-629x1024.jpg\" class=\"attachment-large size-large wp-image-528\" alt=\"\" srcset=\"https:\/\/dysceramic.com\/wp-content\/uploads\/2026\/03\/press-3-629x1024.jpg 629w, https:\/\/dysceramic.com\/wp-content\/uploads\/2026\/03\/press-3-184x300.jpg 184w, https:\/\/dysceramic.com\/wp-content\/uploads\/2026\/03\/press-3-768x1251.jpg 768w, https:\/\/dysceramic.com\/wp-content\/uploads\/2026\/03\/press-3-943x1536.jpg 943w, https:\/\/dysceramic.com\/wp-content\/uploads\/2026\/03\/press-3-1258x2048.jpg 1258w, https:\/\/dysceramic.com\/wp-content\/uploads\/2026\/03\/press-3.jpg 1295w\" sizes=\"(max-width: 629px) 100vw, 629px\" \/>\t\t\t\t\t\t\t\t\t\t\t\t\t\t\t<\/div>\n\t\t\t\t<\/div>\n\t\t\t\t<\/div>\n\t\t","protected":false},"excerpt":{"rendered":"<p>C\u00e9ramiste d&rsquo;art et artiste intervenant en institution depuis 10 ans, mon travail est d&rsquo;amener un souffle d&rsquo;Art en EHPAD. \u00c0 [&hellip;]<\/p>\n","protected":false},"author":1,"featured_media":0,"parent":0,"menu_order":0,"comment_status":"closed","ping_status":"closed","template":"","meta":{"site-sidebar-layout":"no-sidebar","site-content-layout":"","ast-site-content-layout":"full-width-container","site-content-style":"default","site-sidebar-style":"default","ast-global-header-display":"","ast-banner-title-visibility":"","ast-main-header-display":"","ast-hfb-above-header-display":"","ast-hfb-below-header-display":"","ast-hfb-mobile-header-display":"","site-post-title":"disabled","ast-breadcrumbs-content":"","ast-featured-img":"disabled","footer-sml-layout":"","ast-disable-related-posts":"","theme-transparent-header-meta":"default","adv-header-id-meta":"","stick-header-meta":"","header-above-stick-meta":"","header-main-stick-meta":"","header-below-stick-meta":"","astra-migrate-meta-layouts":"set","ast-page-background-enabled":"default","ast-page-background-meta":{"desktop":{"background-color":"var(--ast-global-color-5)","background-image":"","background-repeat":"repeat","background-position":"center center","background-size":"auto","background-attachment":"scroll","background-type":"","background-media":"","overlay-type":"","overlay-color":"","overlay-opacity":"","overlay-gradient":""},"tablet":{"background-color":"","background-image":"","background-repeat":"repeat","background-position":"center center","background-size":"auto","background-attachment":"scroll","background-type":"","background-media":"","overlay-type":"","overlay-color":"","overlay-opacity":"","overlay-gradient":""},"mobile":{"background-color":"","background-image":"","background-repeat":"repeat","background-position":"center center","background-size":"auto","background-attachment":"scroll","background-type":"","background-media":"","overlay-type":"","overlay-color":"","overlay-opacity":"","overlay-gradient":""}},"ast-content-background-meta":{"desktop":{"background-color":"var(--ast-global-color-4)","background-image":"","background-repeat":"repeat","background-position":"center center","background-size":"auto","background-attachment":"scroll","background-type":"","background-media":"","overlay-type":"","overlay-color":"","overlay-opacity":"","overlay-gradient":""},"tablet":{"background-color":"var(--ast-global-color-4)","background-image":"","background-repeat":"repeat","background-position":"center center","background-size":"auto","background-attachment":"scroll","background-type":"","background-media":"","overlay-type":"","overlay-color":"","overlay-opacity":"","overlay-gradient":""},"mobile":{"background-color":"var(--ast-global-color-4)","background-image":"","background-repeat":"repeat","background-position":"center center","background-size":"auto","background-attachment":"scroll","background-type":"","background-media":"","overlay-type":"","overlay-color":"","overlay-opacity":"","overlay-gradient":""}},"footnotes":""},"class_list":["post-284","page","type-page","status-publish","hentry"],"_links":{"self":[{"href":"https:\/\/dysceramic.com\/index.php\/wp-json\/wp\/v2\/pages\/284","targetHints":{"allow":["GET"]}}],"collection":[{"href":"https:\/\/dysceramic.com\/index.php\/wp-json\/wp\/v2\/pages"}],"about":[{"href":"https:\/\/dysceramic.com\/index.php\/wp-json\/wp\/v2\/types\/page"}],"author":[{"embeddable":true,"href":"https:\/\/dysceramic.com\/index.php\/wp-json\/wp\/v2\/users\/1"}],"replies":[{"embeddable":true,"href":"https:\/\/dysceramic.com\/index.php\/wp-json\/wp\/v2\/comments?post=284"}],"version-history":[{"count":76,"href":"https:\/\/dysceramic.com\/index.php\/wp-json\/wp\/v2\/pages\/284\/revisions"}],"predecessor-version":[{"id":619,"href":"https:\/\/dysceramic.com\/index.php\/wp-json\/wp\/v2\/pages\/284\/revisions\/619"}],"wp:attachment":[{"href":"https:\/\/dysceramic.com\/index.php\/wp-json\/wp\/v2\/media?parent=284"}],"curies":[{"name":"wp","href":"https:\/\/api.w.org\/{rel}","templated":true}]}}